{"id":74,"date":"2020-03-11T12:39:36","date_gmt":"2020-03-11T12:39:36","guid":{"rendered":"https:\/\/trennungsplaner.ch\/?post_type=product&#038;p=74"},"modified":"2020-10-07T15:04:19","modified_gmt":"2020-10-07T15:04:19","slug":"unterhaltsberechnung-alicalc","status":"publish","type":"product","link":"https:\/\/trennungsplaner.ch\/?product=unterhaltsberechnung-alicalc","title":{"rendered":"Unterhaltsberechnung AliCalc"},"content":{"rendered":"<p><span style=\"font-family: verdana, geneva, sans-serif;\">Mit der f\u00fchrenden App zur Unterhaltsberechnung <a href=\"http:\/\/https.\/\/alicalc.ch\">AliCalc<\/a> (Alimente Calculator) berechnen Sie selbst\u00e4ndig den Unterhalt f\u00fcr ihre individuelle Situation:<\/span><\/p>\n<ul>\n<li><span style=\"font-family: verdana, geneva, sans-serif;\"><a href=\"https:\/\/alicalc.ch\/betreuungsunterhalt\/\" target=\"_blank\" rel=\"noopener noreferrer\">Betreuungsunterhalt<\/a> resp. Kinderunterhalt unverheirateter Eltern<\/span><\/li>\n<li><span style=\"font-family: verdana, geneva, sans-serif;\">Unterhalt bei Trennung &#8211; w\u00e4hlen Sie das passende <a href=\"https:\/\/alicalc.ch\/unterhalt-szenarios\/\" target=\"_blank\" rel=\"noopener noreferrer\">Szenario<\/a> aus<\/span><\/li>\n<li><span style=\"font-family: verdana, geneva, sans-serif;\">Unterhalt bei Scheidung &#8211; w\u00e4hlen Sie das passende <a href=\"https:\/\/alicalc.ch\/unterhalt-szenarios\/\" target=\"_blank\" rel=\"noopener noreferrer\">Szenario<\/a> aus<\/span><\/li>\n<\/ul>\n<p><span style=\"font-family: verdana, geneva, sans-serif;\">Die Unterhaltsberechnung erfolgt mit der revolution\u00e4ren mobile App auf Ihrem Android oder Apple Tablet oder Smartphone.<\/span><\/p>\n<p><span style=\"font-family: verdana, geneva, sans-serif;\">Umgehend nach dem Kauf der <strong>Unterhaltsberechnung AliCalc<\/strong>, erhalten Sie per E-Mail:<\/span><\/p>\n<ul>\n<li><span style=\"font-family: verdana, geneva, sans-serif;\">die Kauf-Best\u00e4tigung<\/span><\/li>\n<li><span style=\"font-family: verdana, geneva, sans-serif;\">die <strong>Zugangsdaten f\u00fcr AliCalc<\/strong> sowie weiterf\u00fchrende Instruktionen.<\/span><\/li>\n<\/ul>\n<p><span style=\"font-family: verdana, geneva, sans-serif;\">Nachdem Kauf und Erhalt der Zugangsdaten installieren Sie AliCalc auf Ihrem Tablet oder Smartphone und melden sich mit den erhaltenen Zugangsdaten an (bitte nach der Anmeldung das Passwort \u00e4ndern).<\/span><\/p>\n<p><span style=\"font-family: verdana, geneva, sans-serif;\">Nach der erfolgreichen Anmeldung wird die Kurzanleitung angezeigt &#8211; bitte lesen Sie diese, es dauert keine Minute. Legen Sie sich die aufgef\u00fchrten Unterlagen zurecht und schon k\u00f6nnen Sie mit der Eingabe der n\u00f6tigen Daten loslegen &#8211; ganz einfach von oben nach unten durch die Liste arbeiten.<\/span><\/p>\n<p><span style=\"font-family: verdana, geneva, sans-serif;\">Wenn die Dateneingabe erledigt ist, kann die Berechnung erstellt werden und schon wissen Sie, wie viel Unterhalt Sie erhalten, resp. bezahlen m\u00fcssen.<\/span><\/p>\n<p><span style=\"font-family: verdana, geneva, sans-serif;\">Wenn Sie mehr Unterst\u00fctzung bei der Unterhaltsberechnung ben\u00f6tigen, f\u00fchrt Die die ausf\u00fchrliche <a href=\"https:\/\/alicalc.ch\/anleitung-alicalc\/\">Anleitung<\/a> Schritt f\u00fcr Schritt durch die App. Dabei helfen Ihnen auch die verschiedenen <a href=\"https:\/\/alicalc.ch\/unterhalt-szenarios\/\">Unterhaltsszenario<\/a>s sowie nach erfolgter Berechnung die <a href=\"https:\/\/alicalc.ch\/interpretation-der-unterhaltsberechnung\/\">Berechnungsinterpretation<\/a> von AliCalc.<\/span><\/p>\n<p><span style=\"font-family: verdana, geneva, sans-serif;\">Bei Fragen k\u00f6nnen Sie ein entsprechendes Beratungspaket von <a href=\"https:\/\/trennungsplaner.ch\/?product=beratung-30-minuten\">30<\/a> oder <a href=\"https:\/\/trennungsplaner.ch\/?product=beratung-1-stunde\">60<\/a> Minuten dazu kaufen.<\/span><\/p>\n","protected":false},"excerpt":{"rendered":"<p>Unterhaltsberechnung mit AliCalc f\u00fcr Betreuung, Trennung oder Scheidung.<\/p>\n","protected":false},"featured_media":108,"template":"","meta":[],"product_cat":[21],"product_tag":[],"yoast_head":"<!-- This site is optimized with the Yoast SEO plugin v22.1 - https:\/\/yoast.com\/wordpress\/plugins\/seo\/ -->\n<title>Trennungsplaner - Unterhaltsberechnung selbst gemacht!<\/title>\n<meta name=\"description\" content=\"Antworten auf alle Fragen rund um die Trennung - Beratung, Unterhaltsberechnung bei Betreuung und Trennung, Vereinarung und Vorgehen.\" \/>\n<meta name=\"robots\" content=\"index, follow, max-snippet:-1, max-image-preview:large, max-video-preview:-1\" \/>\n<link rel=\"canonical\" href=\"https:\/\/trennungsplaner.ch\/?product=unterhaltsberechnung-alicalc\" \/>\n<meta property=\"og:locale\" content=\"de_DE\" \/>\n<meta property=\"og:type\" content=\"article\" \/>\n<meta property=\"og:title\" content=\"Trennungsplaner - Unterhaltsberechnung selbst gemacht!\" \/>\n<meta property=\"og:description\" content=\"Antworten auf alle Fragen rund um die Trennung - Beratung, Unterhaltsberechnung bei Betreuung und Trennung, Vereinarung und Vorgehen.\" \/>\n<meta property=\"og:url\" content=\"https:\/\/trennungsplaner.ch\/?product=unterhaltsberechnung-alicalc\" \/>\n<meta property=\"article:modified_time\" content=\"2020-10-07T15:04:19+00:00\" \/>\n<meta property=\"og:image\" content=\"https:\/\/trennungsplaner.ch\/wp-content\/uploads\/2020\/03\/AC-Unterhaltsberechnung-1.png\" \/>\n\t<meta property=\"og:image:width\" content=\"400\" \/>\n\t<meta property=\"og:image:height\" content=\"300\" \/>\n\t<meta property=\"og:image:type\" content=\"image\/png\" \/>\n<meta name=\"twitter:card\" content=\"summary_large_image\" \/>\n<meta name=\"twitter:label1\" content=\"Gesch\u00e4tzte Lesezeit\" \/>\n\t<meta name=\"twitter:data1\" content=\"1\u00a0Minute\" \/>\n<script type=\"application\/ld+json\" class=\"yoast-schema-graph\">{\"@context\":\"https:\/\/schema.org\",\"@graph\":[{\"@type\":\"WebPage\",\"@id\":\"https:\/\/trennungsplaner.ch\/?product=unterhaltsberechnung-alicalc\",\"url\":\"https:\/\/trennungsplaner.ch\/?product=unterhaltsberechnung-alicalc\",\"name\":\"Trennungsplaner - Unterhaltsberechnung selbst gemacht!\",\"isPartOf\":{\"@id\":\"https:\/\/trennungsplaner.ch\/#website\"},\"datePublished\":\"2020-03-11T12:39:36+00:00\",\"dateModified\":\"2020-10-07T15:04:19+00:00\",\"description\":\"Antworten auf alle Fragen rund um die Trennung - Beratung, Unterhaltsberechnung bei Betreuung und Trennung, Vereinarung und Vorgehen.\",\"breadcrumb\":{\"@id\":\"https:\/\/trennungsplaner.ch\/?product=unterhaltsberechnung-alicalc#breadcrumb\"},\"inLanguage\":\"de\",\"potentialAction\":[{\"@type\":\"ReadAction\",\"target\":[\"https:\/\/trennungsplaner.ch\/?product=unterhaltsberechnung-alicalc\"]}]},{\"@type\":\"BreadcrumbList\",\"@id\":\"https:\/\/trennungsplaner.ch\/?product=unterhaltsberechnung-alicalc#breadcrumb\",\"itemListElement\":[{\"@type\":\"ListItem\",\"position\":1,\"name\":\"Home\",\"item\":\"https:\/\/trennungsplaner.ch\/\"},{\"@type\":\"ListItem\",\"position\":2,\"name\":\"Produkte\",\"item\":\"https:\/\/trennungsplaner.ch\/?page_id=6\"},{\"@type\":\"ListItem\",\"position\":3,\"name\":\"Unterhaltsberechnung AliCalc\"}]},{\"@type\":\"WebSite\",\"@id\":\"https:\/\/trennungsplaner.ch\/#website\",\"url\":\"https:\/\/trennungsplaner.ch\/\",\"name\":\"\",\"description\":\"Die Site rund um Trennung\",\"publisher\":{\"@id\":\"https:\/\/trennungsplaner.ch\/#organization\"},\"potentialAction\":[{\"@type\":\"SearchAction\",\"target\":{\"@type\":\"EntryPoint\",\"urlTemplate\":\"https:\/\/trennungsplaner.ch\/?s={search_term_string}\"},\"query-input\":\"required name=search_term_string\"}],\"inLanguage\":\"de\"},{\"@type\":\"Organization\",\"@id\":\"https:\/\/trennungsplaner.ch\/#organization\",\"name\":\"Trennungsplaner.ch\",\"url\":\"https:\/\/trennungsplaner.ch\/\",\"logo\":{\"@type\":\"ImageObject\",\"inLanguage\":\"de\",\"@id\":\"https:\/\/trennungsplaner.ch\/#\/schema\/logo\/image\/\",\"url\":\"https:\/\/trennungsplaner.ch\/wp-content\/uploads\/2020\/03\/Trennungsplaner.png\",\"contentUrl\":\"https:\/\/trennungsplaner.ch\/wp-content\/uploads\/2020\/03\/Trennungsplaner.png\",\"width\":803,\"height\":384,\"caption\":\"Trennungsplaner.ch\"},\"image\":{\"@id\":\"https:\/\/trennungsplaner.ch\/#\/schema\/logo\/image\/\"}}]}<\/script>\n<!-- \/ Yoast SEO plugin. -->","yoast_head_json":{"title":"Trennungsplaner - Unterhaltsberechnung selbst gemacht!","description":"Antworten auf alle Fragen rund um die Trennung - Beratung, Unterhaltsberechnung bei Betreuung und Trennung, Vereinarung und Vorgehen.","robots":{"index":"index","follow":"follow","max-snippet":"max-snippet:-1","max-image-preview":"max-image-preview:large","max-video-preview":"max-video-preview:-1"},"canonical":"https:\/\/trennungsplaner.ch\/?product=unterhaltsberechnung-alicalc","og_locale":"de_DE","og_type":"article","og_title":"Trennungsplaner - Unterhaltsberechnung selbst gemacht!","og_description":"Antworten auf alle Fragen rund um die Trennung - Beratung, Unterhaltsberechnung bei Betreuung und Trennung, Vereinarung und Vorgehen.","og_url":"https:\/\/trennungsplaner.ch\/?product=unterhaltsberechnung-alicalc","article_modified_time":"2020-10-07T15:04:19+00:00","og_image":[{"width":400,"height":300,"url":"https:\/\/trennungsplaner.ch\/wp-content\/uploads\/2020\/03\/AC-Unterhaltsberechnung-1.png","type":"image\/png"}],"twitter_card":"summary_large_image","twitter_misc":{"Gesch\u00e4tzte Lesezeit":"1\u00a0Minute"},"schema":{"@context":"https:\/\/schema.org","@graph":[{"@type":"WebPage","@id":"https:\/\/trennungsplaner.ch\/?product=unterhaltsberechnung-alicalc","url":"https:\/\/trennungsplaner.ch\/?product=unterhaltsberechnung-alicalc","name":"Trennungsplaner - Unterhaltsberechnung selbst gemacht!","isPartOf":{"@id":"https:\/\/trennungsplaner.ch\/#website"},"datePublished":"2020-03-11T12:39:36+00:00","dateModified":"2020-10-07T15:04:19+00:00","description":"Antworten auf alle Fragen rund um die Trennung - Beratung, Unterhaltsberechnung bei Betreuung und Trennung, Vereinarung und Vorgehen.","breadcrumb":{"@id":"https:\/\/trennungsplaner.ch\/?product=unterhaltsberechnung-alicalc#breadcrumb"},"inLanguage":"de","potentialAction":[{"@type":"ReadAction","target":["https:\/\/trennungsplaner.ch\/?product=unterhaltsberechnung-alicalc"]}]},{"@type":"BreadcrumbList","@id":"https:\/\/trennungsplaner.ch\/?product=unterhaltsberechnung-alicalc#breadcrumb","itemListElement":[{"@type":"ListItem","position":1,"name":"Home","item":"https:\/\/trennungsplaner.ch\/"},{"@type":"ListItem","position":2,"name":"Produkte","item":"https:\/\/trennungsplaner.ch\/?page_id=6"},{"@type":"ListItem","position":3,"name":"Unterhaltsberechnung AliCalc"}]},{"@type":"WebSite","@id":"https:\/\/trennungsplaner.ch\/#website","url":"https:\/\/trennungsplaner.ch\/","name":"","description":"Die Site rund um Trennung","publisher":{"@id":"https:\/\/trennungsplaner.ch\/#organization"},"potentialAction":[{"@type":"SearchAction","target":{"@type":"EntryPoint","urlTemplate":"https:\/\/trennungsplaner.ch\/?s={search_term_string}"},"query-input":"required name=search_term_string"}],"inLanguage":"de"},{"@type":"Organization","@id":"https:\/\/trennungsplaner.ch\/#organization","name":"Trennungsplaner.ch","url":"https:\/\/trennungsplaner.ch\/","logo":{"@type":"ImageObject","inLanguage":"de","@id":"https:\/\/trennungsplaner.ch\/#\/schema\/logo\/image\/","url":"https:\/\/trennungsplaner.ch\/wp-content\/uploads\/2020\/03\/Trennungsplaner.png","contentUrl":"https:\/\/trennungsplaner.ch\/wp-content\/uploads\/2020\/03\/Trennungsplaner.png","width":803,"height":384,"caption":"Trennungsplaner.ch"},"image":{"@id":"https:\/\/trennungsplaner.ch\/#\/schema\/logo\/image\/"}}]}},"_links":{"self":[{"href":"https:\/\/trennungsplaner.ch\/index.php?rest_route=\/wp\/v2\/product\/74"}],"collection":[{"href":"https:\/\/trennungsplaner.ch\/index.php?rest_route=\/wp\/v2\/product"}],"about":[{"href":"https:\/\/trennungsplaner.ch\/index.php?rest_route=\/wp\/v2\/types\/product"}],"wp:featuredmedia":[{"embeddable":true,"href":"https:\/\/trennungsplaner.ch\/index.php?rest_route=\/wp\/v2\/media\/108"}],"wp:attachment":[{"href":"https:\/\/trennungsplaner.ch\/index.php?rest_route=%2Fwp%2Fv2%2Fmedia&parent=74"}],"wp:term":[{"taxonomy":"product_cat","embeddable":true,"href":"https:\/\/trennungsplaner.ch\/index.php?rest_route=%2Fwp%2Fv2%2Fproduct_cat&post=74"},{"taxonomy":"product_tag","embeddable":true,"href":"https:\/\/trennungsplaner.ch\/index.php?rest_route=%2Fwp%2Fv2%2Fproduct_tag&post=74"}],"curies":[{"name":"wp","href":"https:\/\/api.w.org\/{rel}","templated":true}]}}