{"id":16,"date":"2020-02-29T20:06:01","date_gmt":"2020-02-29T20:06:01","guid":{"rendered":"https:\/\/trennungsplaner.ch\/?post_type=product&#038;p=16"},"modified":"2020-03-22T08:18:48","modified_gmt":"2020-03-22T08:18:48","slug":"beratung-30-minuten","status":"publish","type":"product","link":"https:\/\/trennungsplaner.ch\/?product=beratung-30-minuten","title":{"rendered":"Trennungsberatung 30 Minuten"},"content":{"rendered":"<p>Beim Kauf der 30 Minuten Beratung rund um Trennung liegt es in Ihrer Hand einen maximalen Nutzen aus der Beratung zu ziehen. Das erreichen Sie dadurch, indem Sie vor der Beratung kurz Ihre individuelle Situation beschreiben und Ihre brennendsten Fragen stellen. Der Berater bereitet sich aufgrund dieser Angaben auf das Gespr\u00e4ch vor. Mit diesem Vorgehen wird gew\u00e4hrleistet, dass die Fragen gezielt im Rahmen der telefonischen Beratung gekl\u00e4rt werden k\u00f6nnen.<\/p>\n<p>Sie erhalten Beratung rund um die Trennung:<\/p>\n<ul>\n<li>Rechtliche Aspekte<\/li>\n<li>Unterhaltsberechnung &#8211; weitere Informationen zur Unterhaltsberechnung finden Sie unter <a href=\"http:\/\/https.\/\/alicalc.ch\">AliCalc<\/a><\/li>\n<li>Trennungsvereinbarung<\/li>\n<li>Vorgehen<\/li>\n<li>etc.<\/li>\n<\/ul>\n<p>Umgehend nach dem Kauf der <strong>30 Minuten Beratung<\/strong>, erhalten Sie per E-Mail:<\/p>\n<ul>\n<li>die Kauf-Best\u00e4tigung<\/li>\n<li>weitere Instruktionen sowie Terminvorschl\u00e4ge f\u00fcr die telefonische Beratung.<\/li>\n<\/ul>\n<p>Damit Sie, wie bereits eingangs erw\u00e4hnt, maximal von der telefonischen Beratung profitieren k\u00f6nnen, antworten Sie bitte auf die Instruktions- und Terminvorschlag E-Mail und erl\u00e4utern Sie kurz Ihre Situation (Zivilstand, ggf. Hochzeitsdatum, ggf. Trennungsdatum, Alter von Ihnen, Ihrem\/Ihrer PartnerIn, ggf. Ihrer Kinder, Absicht Betreuung\/Trennung\/Scheidung, weitere aus Ihrer Sicht relevanter Aspekte) und stellen Sie Ihre konkreten Fragen.<\/p>\n<p>Wenn Sie umfassende Fragen haben, die eine 30-min\u00fctige Beratung sprengen, k\u00f6nnen Sie ein Beratungspaket von <a href=\"https:\/\/trennungsplaner.ch\/?product=beratung-1-stunde\">60<\/a> Minuten &#8211; oder zus\u00e4tzlich eine <a href=\"https:\/\/trennungsplaner.ch\/?product=unterhaltsberechnung-alicacl\" target=\"_blank\" rel=\"noopener noreferrer\">Unterhaltsberechnung<\/a> oder gleich ein Beratungspaket <a href=\"https:\/\/trennungsplaner.ch\/?product=betreuungsunterhalt-fuer-kinder-unverheirateter-eltern\" target=\"_blank\" rel=\"noopener noreferrer\">Betreuungsunterhalt mit Beratung<\/a> oder <a href=\"https:\/\/trennungsplaner.ch\/?product=unterhaltsberechnung-bei-trennung\" target=\"_blank\" rel=\"noopener noreferrer\">Trennungsunterhalt mit Beratung<\/a>\u00a0kaufen.<\/p>\n<p>&nbsp;<\/p>\n","protected":false},"excerpt":{"rendered":"<p>Mit 30 Minuten Beratung rund um die Aspekte bei Trennung werden Ihre brennendsten Fragen beantwortet.<\/p>\n","protected":false},"featured_media":109,"template":"","meta":[],"product_cat":[20],"product_tag":[],"yoast_head":"<!-- This site is optimized with the Yoast SEO plugin v22.1 - https:\/\/yoast.com\/wordpress\/plugins\/seo\/ -->\n<title>Trennungsplaner - 30 Minuten Beratung rund um die Trennung<\/title>\n<meta name=\"description\" content=\"Bei einer Trennung stellen sich viele Fragen - Vorgehen, rechtliche Aspekte, Unterhaltsberechnung, Trennungsvereinbarung, etc.\" \/>\n<meta name=\"robots\" content=\"index, follow, max-snippet:-1, max-image-preview:large, max-video-preview:-1\" \/>\n<link rel=\"canonical\" href=\"https:\/\/trennungsplaner.ch\/?product=beratung-30-minuten\" \/>\n<meta property=\"og:locale\" content=\"de_DE\" \/>\n<meta property=\"og:type\" content=\"article\" \/>\n<meta property=\"og:title\" content=\"Trennungsplaner - 30 Minuten Beratung rund um die Trennung\" \/>\n<meta property=\"og:description\" content=\"Bei einer Trennung stellen sich viele Fragen - Vorgehen, rechtliche Aspekte, Unterhaltsberechnung, Trennungsvereinbarung, etc.\" \/>\n<meta property=\"og:url\" content=\"https:\/\/trennungsplaner.ch\/?product=beratung-30-minuten\" \/>\n<meta property=\"article:modified_time\" content=\"2020-03-22T08:18:48+00:00\" \/>\n<meta property=\"og:image\" content=\"https:\/\/trennungsplaner.ch\/wp-content\/uploads\/2020\/02\/TP-30-min-Beratung.png\" \/>\n\t<meta property=\"og:image:width\" content=\"400\" \/>\n\t<meta property=\"og:image:height\" content=\"300\" \/>\n\t<meta property=\"og:image:type\" content=\"image\/png\" \/>\n<meta name=\"twitter:card\" content=\"summary_large_image\" \/>\n<meta name=\"twitter:label1\" content=\"Gesch\u00e4tzte Lesezeit\" \/>\n\t<meta name=\"twitter:data1\" content=\"1\u00a0Minute\" \/>\n<script type=\"application\/ld+json\" class=\"yoast-schema-graph\">{\"@context\":\"https:\/\/schema.org\",\"@graph\":[{\"@type\":\"WebPage\",\"@id\":\"https:\/\/trennungsplaner.ch\/?product=beratung-30-minuten\",\"url\":\"https:\/\/trennungsplaner.ch\/?product=beratung-30-minuten\",\"name\":\"Trennungsplaner - 30 Minuten Beratung rund um die Trennung\",\"isPartOf\":{\"@id\":\"https:\/\/trennungsplaner.ch\/#website\"},\"datePublished\":\"2020-02-29T20:06:01+00:00\",\"dateModified\":\"2020-03-22T08:18:48+00:00\",\"description\":\"Bei einer Trennung stellen sich viele Fragen - Vorgehen, rechtliche Aspekte, Unterhaltsberechnung, Trennungsvereinbarung, etc.\",\"breadcrumb\":{\"@id\":\"https:\/\/trennungsplaner.ch\/?product=beratung-30-minuten#breadcrumb\"},\"inLanguage\":\"de\",\"potentialAction\":[{\"@type\":\"ReadAction\",\"target\":[\"https:\/\/trennungsplaner.ch\/?product=beratung-30-minuten\"]}]},{\"@type\":\"BreadcrumbList\",\"@id\":\"https:\/\/trennungsplaner.ch\/?product=beratung-30-minuten#breadcrumb\",\"itemListElement\":[{\"@type\":\"ListItem\",\"position\":1,\"name\":\"Home\",\"item\":\"https:\/\/trennungsplaner.ch\/\"},{\"@type\":\"ListItem\",\"position\":2,\"name\":\"Produkte\",\"item\":\"https:\/\/trennungsplaner.ch\/?page_id=6\"},{\"@type\":\"ListItem\",\"position\":3,\"name\":\"Trennungsberatung 30 Minuten\"}]},{\"@type\":\"WebSite\",\"@id\":\"https:\/\/trennungsplaner.ch\/#website\",\"url\":\"https:\/\/trennungsplaner.ch\/\",\"name\":\"\",\"description\":\"Die Site rund um Trennung\",\"publisher\":{\"@id\":\"https:\/\/trennungsplaner.ch\/#organization\"},\"potentialAction\":[{\"@type\":\"SearchAction\",\"target\":{\"@type\":\"EntryPoint\",\"urlTemplate\":\"https:\/\/trennungsplaner.ch\/?s={search_term_string}\"},\"query-input\":\"required name=search_term_string\"}],\"inLanguage\":\"de\"},{\"@type\":\"Organization\",\"@id\":\"https:\/\/trennungsplaner.ch\/#organization\",\"name\":\"Trennungsplaner.ch\",\"url\":\"https:\/\/trennungsplaner.ch\/\",\"logo\":{\"@type\":\"ImageObject\",\"inLanguage\":\"de\",\"@id\":\"https:\/\/trennungsplaner.ch\/#\/schema\/logo\/image\/\",\"url\":\"https:\/\/trennungsplaner.ch\/wp-content\/uploads\/2020\/03\/Trennungsplaner.png\",\"contentUrl\":\"https:\/\/trennungsplaner.ch\/wp-content\/uploads\/2020\/03\/Trennungsplaner.png\",\"width\":803,\"height\":384,\"caption\":\"Trennungsplaner.ch\"},\"image\":{\"@id\":\"https:\/\/trennungsplaner.ch\/#\/schema\/logo\/image\/\"}}]}<\/script>\n<!-- \/ Yoast SEO plugin. -->","yoast_head_json":{"title":"Trennungsplaner - 30 Minuten Beratung rund um die Trennung","description":"Bei einer Trennung stellen sich viele Fragen - Vorgehen, rechtliche Aspekte, Unterhaltsberechnung, Trennungsvereinbarung, etc.","robots":{"index":"index","follow":"follow","max-snippet":"max-snippet:-1","max-image-preview":"max-image-preview:large","max-video-preview":"max-video-preview:-1"},"canonical":"https:\/\/trennungsplaner.ch\/?product=beratung-30-minuten","og_locale":"de_DE","og_type":"article","og_title":"Trennungsplaner - 30 Minuten Beratung rund um die Trennung","og_description":"Bei einer Trennung stellen sich viele Fragen - Vorgehen, rechtliche Aspekte, Unterhaltsberechnung, Trennungsvereinbarung, etc.","og_url":"https:\/\/trennungsplaner.ch\/?product=beratung-30-minuten","article_modified_time":"2020-03-22T08:18:48+00:00","og_image":[{"width":400,"height":300,"url":"https:\/\/trennungsplaner.ch\/wp-content\/uploads\/2020\/02\/TP-30-min-Beratung.png","type":"image\/png"}],"twitter_card":"summary_large_image","twitter_misc":{"Gesch\u00e4tzte Lesezeit":"1\u00a0Minute"},"schema":{"@context":"https:\/\/schema.org","@graph":[{"@type":"WebPage","@id":"https:\/\/trennungsplaner.ch\/?product=beratung-30-minuten","url":"https:\/\/trennungsplaner.ch\/?product=beratung-30-minuten","name":"Trennungsplaner - 30 Minuten Beratung rund um die Trennung","isPartOf":{"@id":"https:\/\/trennungsplaner.ch\/#website"},"datePublished":"2020-02-29T20:06:01+00:00","dateModified":"2020-03-22T08:18:48+00:00","description":"Bei einer Trennung stellen sich viele Fragen - Vorgehen, rechtliche Aspekte, Unterhaltsberechnung, Trennungsvereinbarung, etc.","breadcrumb":{"@id":"https:\/\/trennungsplaner.ch\/?product=beratung-30-minuten#breadcrumb"},"inLanguage":"de","potentialAction":[{"@type":"ReadAction","target":["https:\/\/trennungsplaner.ch\/?product=beratung-30-minuten"]}]},{"@type":"BreadcrumbList","@id":"https:\/\/trennungsplaner.ch\/?product=beratung-30-minuten#breadcrumb","itemListElement":[{"@type":"ListItem","position":1,"name":"Home","item":"https:\/\/trennungsplaner.ch\/"},{"@type":"ListItem","position":2,"name":"Produkte","item":"https:\/\/trennungsplaner.ch\/?page_id=6"},{"@type":"ListItem","position":3,"name":"Trennungsberatung 30 Minuten"}]},{"@type":"WebSite","@id":"https:\/\/trennungsplaner.ch\/#website","url":"https:\/\/trennungsplaner.ch\/","name":"","description":"Die Site rund um Trennung","publisher":{"@id":"https:\/\/trennungsplaner.ch\/#organization"},"potentialAction":[{"@type":"SearchAction","target":{"@type":"EntryPoint","urlTemplate":"https:\/\/trennungsplaner.ch\/?s={search_term_string}"},"query-input":"required name=search_term_string"}],"inLanguage":"de"},{"@type":"Organization","@id":"https:\/\/trennungsplaner.ch\/#organization","name":"Trennungsplaner.ch","url":"https:\/\/trennungsplaner.ch\/","logo":{"@type":"ImageObject","inLanguage":"de","@id":"https:\/\/trennungsplaner.ch\/#\/schema\/logo\/image\/","url":"https:\/\/trennungsplaner.ch\/wp-content\/uploads\/2020\/03\/Trennungsplaner.png","contentUrl":"https:\/\/trennungsplaner.ch\/wp-content\/uploads\/2020\/03\/Trennungsplaner.png","width":803,"height":384,"caption":"Trennungsplaner.ch"},"image":{"@id":"https:\/\/trennungsplaner.ch\/#\/schema\/logo\/image\/"}}]}},"_links":{"self":[{"href":"https:\/\/trennungsplaner.ch\/index.php?rest_route=\/wp\/v2\/product\/16"}],"collection":[{"href":"https:\/\/trennungsplaner.ch\/index.php?rest_route=\/wp\/v2\/product"}],"about":[{"href":"https:\/\/trennungsplaner.ch\/index.php?rest_route=\/wp\/v2\/types\/product"}],"wp:featuredmedia":[{"embeddable":true,"href":"https:\/\/trennungsplaner.ch\/index.php?rest_route=\/wp\/v2\/media\/109"}],"wp:attachment":[{"href":"https:\/\/trennungsplaner.ch\/index.php?rest_route=%2Fwp%2Fv2%2Fmedia&parent=16"}],"wp:term":[{"taxonomy":"product_cat","embeddable":true,"href":"https:\/\/trennungsplaner.ch\/index.php?rest_route=%2Fwp%2Fv2%2Fproduct_cat&post=16"},{"taxonomy":"product_tag","embeddable":true,"href":"https:\/\/trennungsplaner.ch\/index.php?rest_route=%2Fwp%2Fv2%2Fproduct_tag&post=16"}],"curies":[{"name":"wp","href":"https:\/\/api.w.org\/{rel}","templated":true}]}}