{"id":10,"date":"2020-02-29T19:59:54","date_gmt":"2020-02-29T19:59:54","guid":{"rendered":"https:\/\/trennungsplaner.ch\/?post_type=product&#038;p=10"},"modified":"2020-05-12T20:03:49","modified_gmt":"2020-05-12T20:03:49","slug":"betreuungsunterhalt-fuer-kinder-unverheirateter-eltern","status":"publish","type":"product","link":"https:\/\/trennungsplaner.ch\/?product=betreuungsunterhalt-fuer-kinder-unverheirateter-eltern","title":{"rendered":"Beratung Betreuungsunterhalt"},"content":{"rendered":"<p>Bei der Beratung <a href=\"https:\/\/alicalc.ch\/betreuungsunterhalt\/\" target=\"_blank\" rel=\"noopener noreferrer\">Betreuungsunterhalt<\/a>\u00a0mittels <a href=\"http:\/\/https.\/\/alicalc.ch\">AliCalc<\/a> &#8211; geht es konkret um die Berechnung des Kindesunterhalts unverheirateter Eltern. Als Resultat der Beratung verf\u00fcgen Sie am Schluss \u00fcber Ihre umfassende Berechnung des Betreuungsunterhalts.<\/p>\n<p>Mit dem Betreuungsunterhalt wurde ab 1. Januar 2017 die Berechnungsweise des Kindesunterhalts angepasst, um damit die Gleichstellung unehelicher mit ehelichen Kindern zu gew\u00e4hrleisten.<\/p>\n<p>Mit der Beratung des Betreuungsunterhalts erhalten Sie:<\/p>\n<ul>\n<li>Umfassende Informationen zum Betreuungsunterhalt und zu dessen Berechnung<\/li>\n<li>45 Minuten telefonische Beratung zum Betreuungsunterhalt<\/li>\n<li>Zugriff auf <a href=\"https:\/\/alicalc.ch\">AliCalc<\/a> zur Berechnung des Betreuungsunterhalts<\/li>\n<li>30 Minuten telefonische Beratung zur Interpretation der Berechnung des Betreuungsunterhalts.<\/li>\n<\/ul>\n<p>Umgehend nach dem Kauf der <strong>Beratung Betreuungsunterhalt<\/strong>, erhalten Sie per E-Mail:<\/p>\n<ul>\n<li>die Kauf-Best\u00e4tigung<\/li>\n<li>die <strong>Zugangsdaten f\u00fcr AliCalc<\/strong> sowie weiterf\u00fchrende Instruktionen sowie Terminvorschl\u00e4ge f\u00fcr die erste telefonische Beratung.<\/li>\n<\/ul>\n<h4>Erster Schritt<\/h4>\n<p>Im <strong>ersten Schritt<\/strong> installieren Sie AliCalc auf Ihrem Tablet oder Smartphone und melden sich mit den erhaltenen Zugangsdaten an. Dann k\u00f6nnen Sie sich einen \u00dcberblick \u00fcber AliCalc verschaffen und selbst\u00e4ndig mit der Dateneingabe beginnen. Dazu lesen Sie nach der erfolgreichen Anmeldung die Kurzanleitung, was keine Minute dauert. Legen Sie sich die aufgef\u00fchrten Unterlagen zurecht und schon k\u00f6nnen Sie mit der Eingabe der n\u00f6tigen Daten loslegen &#8211; einfach von oben nach unten durch die Liste arbeiten. AliCalc ist weitgehend selbsterkl\u00e4rend, ansonsten k\u00f6nnen Sie die <a href=\"https:\/\/alicalc.ch\/anleitung-alicalc\/\">Anleitung<\/a> Schritt f\u00fcr Schritt abarbeiten. Dabei hilft Ihnen auch das Szenario <a href=\"https:\/\/alicalc.ch\/unterhalt-szenarios\/#Betreuung\" target=\"_blank\" rel=\"noopener noreferrer\">Betreuung<\/a> sowie nach erfolgter Berechnung die <a href=\"https:\/\/alicalc.ch\/interpretation-der-unterhaltsberechnung\/\">Berechnungsinterpretation<\/a>.<\/p>\n<h4>Zweiter Schritt<\/h4>\n<p>Im <strong>zweiten Schritt<\/strong> antworten Sie bitte auf die Instruktions-E-Mail und schildern Sie kurz Ihre Situation und stellen Sie Ihre Fragen zum Betreuungsunterhalt und zur Berechnung. Zudem teilen Sie mit, welchen telefonische Beratungstermin Ihnen am besten passt. Anhand Ihrer Angaben bereitet sich der Berater auf das Gespr\u00e4ch vor, womit sichergestellt wird, dass Sie maximal von der Beratung profitieren k\u00f6nnen.<\/p>\n<h4>Dritter Schritt<\/h4>\n<p>Im <strong>dritten Schritt<\/strong> ruft Sie der Berater am vereinbarten Termin auf Ihre angegebene Telefonnummer an und Ihre vorg\u00e4ngig gestellten sowie weitere Fragen k\u00f6nnen im Rahmen der Beratung behandelt werden. Der Hauptfokus der Beratung liegt in der Regel auf Ihrer Berechnung. Je mehr Daten Sie bereits erfasst haben, desto mehr Zeit bleibt f\u00fcr die Beratung. Selbstverst\u00e4ndlich k\u00f6nnen die Daten auch gemeinsam besprochen und eingegeben werden. Dazu ist es allerdings notwendig, dass die n\u00f6tigen Unterlagen bereitliegen. Unter Umst\u00e4nden kommt es vor, dass f\u00fcr die Berechnung weitere Informationen besorgt oder abgekl\u00e4rt werden m\u00fcssen, bevor die Dateneingabe vervollst\u00e4ndigt werden kann. An dieser Stelle wird schliesslich auch der zweite Beratungstermin vereinbart.<\/p>\n<h4>Vierter Schritt<\/h4>\n<p>Im <strong>vierten Schritt<\/strong> werden beim zweiten Beratungstermin allf\u00e4llige weitere Fragen gekl\u00e4rt, ggf. fehlende Daten zur Berechnung erfasst und sp\u00e4testens jetzt die Berechnung durchgef\u00fchrt. Anschliessend wird die Berechnung auf Korrektheit und Plausibilit\u00e4t hin \u00fcberpr\u00fcft, allenfalls feinjustiert und das Ergebnis gemeinsam besprochen, damit Sie das Ganze auch umfassend verstehen. Am Ende verf\u00fcgen Sie \u00fcber Ihre Berechnung des Betreuungsunterhalts und wissen, wie viel Sie voraussichtlich an Unterhalt bezahlen d\u00fcrfen, resp. erhalten k\u00f6nnen. An dieser Stelle muss darauf hingewiesen werden, dass die Berechnung eine rein rechnerische Diskussionsgrundlage zwischen den Partnern darstellt. Die Berechnung entspricht den geltenden gesetzlichen Vorgaben und ist, sofern die Daten korrekt sind, nachvollziehbar.<\/p>\n<h4>Wie geht es danach weiter?<\/h4>\n<p>Der Betreuungsunterhalt kann zwischen den Partnern festgelegt werden &#8211; bei Unstimmigkeiten kann die KESB beigezogen werden. Am besten werden alle relevanten Aspekte wie Wohnsitz des Kinds, Besuchsrecht, Betreuungsunterhalt, etc. in einer Vereinbarung festgehalten.<\/p>\n","protected":false},"excerpt":{"rendered":"<p>Telefonische Beratung zum Betreuungsunterhalt und der Berechnung.<\/p>\n","protected":false},"featured_media":110,"template":"","meta":[],"product_cat":[20,21],"product_tag":[],"yoast_head":"<!-- This site is optimized with the Yoast SEO plugin v22.1 - https:\/\/yoast.com\/wordpress\/plugins\/seo\/ -->\n<title>Beratung Unterhalt Betreuung, resp. Betreuungsunterhalt<\/title>\n<meta name=\"description\" content=\"Mit der Beratung f\u00fcr Betreuungsunterhalt verf\u00fcgen Sie am Ende \u00fcber Ihre individuelle Berechnung des Betreuungsnterhalts als Basis f\u00fcr eine Vereinbarung.\" \/>\n<meta name=\"robots\" content=\"index, follow, max-snippet:-1, max-image-preview:large, max-video-preview:-1\" \/>\n<link rel=\"canonical\" href=\"https:\/\/trennungsplaner.ch\/?product=betreuungsunterhalt-fuer-kinder-unverheirateter-eltern\" \/>\n<meta property=\"og:locale\" content=\"de_DE\" \/>\n<meta property=\"og:type\" content=\"article\" \/>\n<meta property=\"og:title\" content=\"Beratung Unterhalt Betreuung, resp. Betreuungsunterhalt\" \/>\n<meta property=\"og:description\" content=\"Mit der Beratung f\u00fcr Betreuungsunterhalt verf\u00fcgen Sie am Ende \u00fcber Ihre individuelle Berechnung des Betreuungsnterhalts als Basis f\u00fcr eine Vereinbarung.\" \/>\n<meta property=\"og:url\" content=\"https:\/\/trennungsplaner.ch\/?product=betreuungsunterhalt-fuer-kinder-unverheirateter-eltern\" \/>\n<meta property=\"article:modified_time\" content=\"2020-05-12T20:03:49+00:00\" \/>\n<meta property=\"og:image\" content=\"https:\/\/trennungsplaner.ch\/wp-content\/uploads\/2020\/02\/AC-BerCalcBetreuung.png\" \/>\n\t<meta property=\"og:image:width\" content=\"400\" \/>\n\t<meta property=\"og:image:height\" content=\"300\" \/>\n\t<meta property=\"og:image:type\" content=\"image\/png\" \/>\n<meta name=\"twitter:card\" content=\"summary_large_image\" \/>\n<meta name=\"twitter:label1\" content=\"Gesch\u00e4tzte Lesezeit\" \/>\n\t<meta name=\"twitter:data1\" content=\"3\u00a0Minuten\" \/>\n<script type=\"application\/ld+json\" class=\"yoast-schema-graph\">{\"@context\":\"https:\/\/schema.org\",\"@graph\":[{\"@type\":\"WebPage\",\"@id\":\"https:\/\/trennungsplaner.ch\/?product=betreuungsunterhalt-fuer-kinder-unverheirateter-eltern\",\"url\":\"https:\/\/trennungsplaner.ch\/?product=betreuungsunterhalt-fuer-kinder-unverheirateter-eltern\",\"name\":\"Beratung Unterhalt Betreuung, resp. Betreuungsunterhalt\",\"isPartOf\":{\"@id\":\"https:\/\/trennungsplaner.ch\/#website\"},\"datePublished\":\"2020-02-29T19:59:54+00:00\",\"dateModified\":\"2020-05-12T20:03:49+00:00\",\"description\":\"Mit der Beratung f\u00fcr Betreuungsunterhalt verf\u00fcgen Sie am Ende \u00fcber Ihre individuelle Berechnung des Betreuungsnterhalts als Basis f\u00fcr eine Vereinbarung.\",\"breadcrumb\":{\"@id\":\"https:\/\/trennungsplaner.ch\/?product=betreuungsunterhalt-fuer-kinder-unverheirateter-eltern#breadcrumb\"},\"inLanguage\":\"de\",\"potentialAction\":[{\"@type\":\"ReadAction\",\"target\":[\"https:\/\/trennungsplaner.ch\/?product=betreuungsunterhalt-fuer-kinder-unverheirateter-eltern\"]}]},{\"@type\":\"BreadcrumbList\",\"@id\":\"https:\/\/trennungsplaner.ch\/?product=betreuungsunterhalt-fuer-kinder-unverheirateter-eltern#breadcrumb\",\"itemListElement\":[{\"@type\":\"ListItem\",\"position\":1,\"name\":\"Home\",\"item\":\"https:\/\/trennungsplaner.ch\/\"},{\"@type\":\"ListItem\",\"position\":2,\"name\":\"Produkte\",\"item\":\"https:\/\/trennungsplaner.ch\/?page_id=6\"},{\"@type\":\"ListItem\",\"position\":3,\"name\":\"Beratung Betreuungsunterhalt\"}]},{\"@type\":\"WebSite\",\"@id\":\"https:\/\/trennungsplaner.ch\/#website\",\"url\":\"https:\/\/trennungsplaner.ch\/\",\"name\":\"\",\"description\":\"Die Site rund um Trennung\",\"publisher\":{\"@id\":\"https:\/\/trennungsplaner.ch\/#organization\"},\"potentialAction\":[{\"@type\":\"SearchAction\",\"target\":{\"@type\":\"EntryPoint\",\"urlTemplate\":\"https:\/\/trennungsplaner.ch\/?s={search_term_string}\"},\"query-input\":\"required name=search_term_string\"}],\"inLanguage\":\"de\"},{\"@type\":\"Organization\",\"@id\":\"https:\/\/trennungsplaner.ch\/#organization\",\"name\":\"Trennungsplaner.ch\",\"url\":\"https:\/\/trennungsplaner.ch\/\",\"logo\":{\"@type\":\"ImageObject\",\"inLanguage\":\"de\",\"@id\":\"https:\/\/trennungsplaner.ch\/#\/schema\/logo\/image\/\",\"url\":\"https:\/\/trennungsplaner.ch\/wp-content\/uploads\/2020\/03\/Trennungsplaner.png\",\"contentUrl\":\"https:\/\/trennungsplaner.ch\/wp-content\/uploads\/2020\/03\/Trennungsplaner.png\",\"width\":803,\"height\":384,\"caption\":\"Trennungsplaner.ch\"},\"image\":{\"@id\":\"https:\/\/trennungsplaner.ch\/#\/schema\/logo\/image\/\"}}]}<\/script>\n<!-- \/ Yoast SEO plugin. -->","yoast_head_json":{"title":"Beratung Unterhalt Betreuung, resp. Betreuungsunterhalt","description":"Mit der Beratung f\u00fcr Betreuungsunterhalt verf\u00fcgen Sie am Ende \u00fcber Ihre individuelle Berechnung des Betreuungsnterhalts als Basis f\u00fcr eine Vereinbarung.","robots":{"index":"index","follow":"follow","max-snippet":"max-snippet:-1","max-image-preview":"max-image-preview:large","max-video-preview":"max-video-preview:-1"},"canonical":"https:\/\/trennungsplaner.ch\/?product=betreuungsunterhalt-fuer-kinder-unverheirateter-eltern","og_locale":"de_DE","og_type":"article","og_title":"Beratung Unterhalt Betreuung, resp. Betreuungsunterhalt","og_description":"Mit der Beratung f\u00fcr Betreuungsunterhalt verf\u00fcgen Sie am Ende \u00fcber Ihre individuelle Berechnung des Betreuungsnterhalts als Basis f\u00fcr eine Vereinbarung.","og_url":"https:\/\/trennungsplaner.ch\/?product=betreuungsunterhalt-fuer-kinder-unverheirateter-eltern","article_modified_time":"2020-05-12T20:03:49+00:00","og_image":[{"width":400,"height":300,"url":"https:\/\/trennungsplaner.ch\/wp-content\/uploads\/2020\/02\/AC-BerCalcBetreuung.png","type":"image\/png"}],"twitter_card":"summary_large_image","twitter_misc":{"Gesch\u00e4tzte Lesezeit":"3\u00a0Minuten"},"schema":{"@context":"https:\/\/schema.org","@graph":[{"@type":"WebPage","@id":"https:\/\/trennungsplaner.ch\/?product=betreuungsunterhalt-fuer-kinder-unverheirateter-eltern","url":"https:\/\/trennungsplaner.ch\/?product=betreuungsunterhalt-fuer-kinder-unverheirateter-eltern","name":"Beratung Unterhalt Betreuung, resp. Betreuungsunterhalt","isPartOf":{"@id":"https:\/\/trennungsplaner.ch\/#website"},"datePublished":"2020-02-29T19:59:54+00:00","dateModified":"2020-05-12T20:03:49+00:00","description":"Mit der Beratung f\u00fcr Betreuungsunterhalt verf\u00fcgen Sie am Ende \u00fcber Ihre individuelle Berechnung des Betreuungsnterhalts als Basis f\u00fcr eine Vereinbarung.","breadcrumb":{"@id":"https:\/\/trennungsplaner.ch\/?product=betreuungsunterhalt-fuer-kinder-unverheirateter-eltern#breadcrumb"},"inLanguage":"de","potentialAction":[{"@type":"ReadAction","target":["https:\/\/trennungsplaner.ch\/?product=betreuungsunterhalt-fuer-kinder-unverheirateter-eltern"]}]},{"@type":"BreadcrumbList","@id":"https:\/\/trennungsplaner.ch\/?product=betreuungsunterhalt-fuer-kinder-unverheirateter-eltern#breadcrumb","itemListElement":[{"@type":"ListItem","position":1,"name":"Home","item":"https:\/\/trennungsplaner.ch\/"},{"@type":"ListItem","position":2,"name":"Produkte","item":"https:\/\/trennungsplaner.ch\/?page_id=6"},{"@type":"ListItem","position":3,"name":"Beratung Betreuungsunterhalt"}]},{"@type":"WebSite","@id":"https:\/\/trennungsplaner.ch\/#website","url":"https:\/\/trennungsplaner.ch\/","name":"","description":"Die Site rund um Trennung","publisher":{"@id":"https:\/\/trennungsplaner.ch\/#organization"},"potentialAction":[{"@type":"SearchAction","target":{"@type":"EntryPoint","urlTemplate":"https:\/\/trennungsplaner.ch\/?s={search_term_string}"},"query-input":"required name=search_term_string"}],"inLanguage":"de"},{"@type":"Organization","@id":"https:\/\/trennungsplaner.ch\/#organization","name":"Trennungsplaner.ch","url":"https:\/\/trennungsplaner.ch\/","logo":{"@type":"ImageObject","inLanguage":"de","@id":"https:\/\/trennungsplaner.ch\/#\/schema\/logo\/image\/","url":"https:\/\/trennungsplaner.ch\/wp-content\/uploads\/2020\/03\/Trennungsplaner.png","contentUrl":"https:\/\/trennungsplaner.ch\/wp-content\/uploads\/2020\/03\/Trennungsplaner.png","width":803,"height":384,"caption":"Trennungsplaner.ch"},"image":{"@id":"https:\/\/trennungsplaner.ch\/#\/schema\/logo\/image\/"}}]}},"_links":{"self":[{"href":"https:\/\/trennungsplaner.ch\/index.php?rest_route=\/wp\/v2\/product\/10"}],"collection":[{"href":"https:\/\/trennungsplaner.ch\/index.php?rest_route=\/wp\/v2\/product"}],"about":[{"href":"https:\/\/trennungsplaner.ch\/index.php?rest_route=\/wp\/v2\/types\/product"}],"wp:featuredmedia":[{"embeddable":true,"href":"https:\/\/trennungsplaner.ch\/index.php?rest_route=\/wp\/v2\/media\/110"}],"wp:attachment":[{"href":"https:\/\/trennungsplaner.ch\/index.php?rest_route=%2Fwp%2Fv2%2Fmedia&parent=10"}],"wp:term":[{"taxonomy":"product_cat","embeddable":true,"href":"https:\/\/trennungsplaner.ch\/index.php?rest_route=%2Fwp%2Fv2%2Fproduct_cat&post=10"},{"taxonomy":"product_tag","embeddable":true,"href":"https:\/\/trennungsplaner.ch\/index.php?rest_route=%2Fwp%2Fv2%2Fproduct_tag&post=10"}],"curies":[{"name":"wp","href":"https:\/\/api.w.org\/{rel}","templated":true}]}}