{"id":41,"date":"2020-03-01T20:49:21","date_gmt":"2020-03-01T20:49:21","guid":{"rendered":"https:\/\/trennungsplaner.ch\/?page_id=41"},"modified":"2020-03-22T09:37:52","modified_gmt":"2020-03-22T09:37:52","slug":"agb","status":"publish","type":"page","link":"https:\/\/trennungsplaner.ch\/?page_id=41","title":{"rendered":"AGB"},"content":{"rendered":"<h3><span style=\"font-family: verdana, geneva, sans-serif;\">Allgemeine Gesch\u00e4ftsbedingungen \u00a0(AGB) von Trennungsplaner.ch<\/span><\/h3>\n<p><span style=\"font-family: verdana, geneva, sans-serif; font-size: 12pt;\">Es ist ausschliesslich schweizerisches Recht anwendbar. Gerichtsstand ist Tafers im Kanton Freiburg.<\/span><\/p>\n<p style=\"margin-top: 0pt; margin-bottom: 7pt; font-family: 'Segoe WP'; font-size: 12.0pt; color: #565656;\"><span style=\"font-family: verdana, geneva, sans-serif; font-size: 12pt;\">Die Benutzung Trennungsplaner.ch impliziert Ihre Zustimmung zu folgenden Allgemeinen Gesch\u00e4ftsbedingungen (AGB) und den darin enthaltenen Haftungsausschl\u00fcssen.<\/span><\/p>\n<p style=\"margin-top: 0pt; margin-bottom: 7pt; font-family: 'Segoe WP'; font-size: 12.0pt; color: #565656;\"><span style=\"font-family: verdana, geneva, sans-serif; font-size: 12pt;\">Es wird keine Gew\u00e4hrleistung der von Trennungsplaner.ch publizierten Inhalte (Texte, Dokumentvorlagen, Links, etc.) bzgl. Aktualit\u00e4t, Korrektheit, Vollst\u00e4ndigkeit, etc. \u00fcbernommen. Es wird jegliche Haftung f\u00fcr die Links auf Drittseiten abgewiesen &#8211; die Verantwortung f\u00fcr diese Inhalte obligt den jeweiligen Betreibern. <\/span><\/p>\n<p style=\"margin-top: 0pt; margin-bottom: 7pt; font-family: 'Segoe WP'; font-size: 12.0pt; color: #565656;\"><span style=\"font-family: verdana, geneva, sans-serif; font-size: 12pt;\">Insbesondere wird keine Haftung f\u00fcr die Unterhaltsberechnung \u00fcbernommen &#8211; diese ist eine umstrittene Frage bei Betreuungsunterhalt, Trennung und Scheidung. Das Gericht hat bei der Berechnung erheblichen Ermessensspielraum. Das Berechnungsergebnis basiert auf der Selbstdeklaration und h\u00e4ngt massgeblich von der Genauigkeit und der Vollst\u00e4ndigkeit der Berechnungsgrundlagen ab. Jede Situation ist individuell verschieden und es kann kaum allen ergebnisbeeinflussenden Gegebenheiten Rechnung getragen werden. Aus diesen Gr\u00fcnden kann keine Gew\u00e4hr f\u00fcr die Unterhaltsberechnung der individuellen Situation gegeben werden &#8211; die Informationen sind indikativ und k\u00f6nnen unter Umst\u00e4nden vom Gerichtsurteil abweichen.<\/span><\/p>\n<p style=\"margin-top: 0pt; margin-bottom: 7pt; font-family: 'Segoe WP'; font-size: 12.0pt; color: #565656;\"><span style=\"font-family: verdana, geneva, sans-serif; font-size: 12pt;\">Trennungsplaner.ch lehnt jede Verantwortung f\u00fcr Sch\u00e4den ab, welche aus der Benutzung des Portals resultieren k\u00f6nnten.<\/span><\/p>\n<p style=\"margin-top: 0pt; margin-bottom: 7pt; font-family: 'Segoe WP'; font-size: 12.0pt; color: #565656;\"><span style=\"font-family: verdana, geneva, sans-serif; font-size: 12pt;\">Trennungsplaner.ch sichert zu, dass die Inhalte nach besten Wissen und Gewissen redigiert werden.<\/span><\/p>\n<p style=\"margin-top: 0pt; margin-bottom: 7pt; font-family: 'Segoe WP'; font-size: 12.0pt; color: #565656;\"><span style=\"font-family: verdana, geneva, sans-serif; font-size: 12pt;\">Trennungsplaner.ch sichert nicht zu, dass der Inhalt der zur Verf\u00fcgung gestellten Vorlagen, welche vom Benutzer der Situation gem\u00e4ss angepasst werden m\u00fcssen, zwischen dem Ersteller und seinem Partner, bzw. seiner Partnerin vor Gericht bedingungslos genehmigt wird.<\/span><\/p>\n<p style=\"margin-top: 0pt; margin-bottom: 7pt; font-family: 'Segoe WP'; font-size: 12.0pt; color: #565656;\"><span style=\"font-family: verdana, geneva, sans-serif; font-size: 12pt;\">Trennungsplaner.ch\u00a0 stellt Informationen und Vorlagen zur selbstverantwortlichen Erstellung von Dokumenten zur Verf\u00fcgung, eine Vertretung vor Gericht wird damit ausgeschlossen.<\/span><\/p>\n<p><span style=\"font-family: verdana, geneva, sans-serif; font-size: 12pt;\">Mit dem Akzeptieren der AGB gibt der Nutzer von Trennungsplaner.ch die Einwilligung die vom Nutzer eingegebenen Daten zur Berechnung des Unterhalts zu verwenden.<\/span><\/p>\n<h3><span style=\"font-family: verdana, geneva, sans-serif;\">Datenschutz<\/span><\/h3>\n<p><span style=\"font-family: verdana, geneva, sans-serif; font-size: 12pt;\">Gest\u00fctzt auf Artikel 13 der schweizerischen Bundesverfassung und den datenschutzrechtlichen Bestimmungen des Bundes (Datenschutzgesetz, DSG) hat jede Person Anspruch auf Schutz ihrer Privatsph\u00e4re sowie auf Schutz vor Missbrauch ihrer pers\u00f6nlichen Daten. Wir halten diese Bestimmungen ein. Pers\u00f6nliche Daten werden streng vertraulich behandelt und weder an Dritte verkauft noch weitergegeben.<\/span><\/p>\n<p><span style=\"font-family: verdana, geneva, sans-serif; font-size: 12pt;\">In enger Zusammenarbeit mit unserem Hosting- und Payment-Provider bem\u00fchen wir uns, die Datenbanken so gut wie m\u00f6glich vor fremden Zugriffen, Verlusten, Missbrauch oder vor F\u00e4lschung zu sch\u00fctzen. Die Daten\u00fcbertragung erfolgt \u00fcber eine gesicherte Verbindung (TLS).<\/span><\/p>\n<p><span style=\"font-family: verdana, geneva, sans-serif; font-size: 12pt;\">Beim Zugriff auf Trennungsplaner.ch werden folgende Daten in Logfiles gespeichert: IP-Adresse, Datum, Uhrzeit, Browser-Anfrage und allg. \u00fcbertragene Informationen zum Betriebssystem resp. Browser. Diese Nutzungsdaten bilden die Basis f\u00fcr statistische, anonyme Auswertungen, so dass Trends erkennbar sind, anhand derer wir unsere Angebote entsprechend verbessern k\u00f6nnen.<br \/>\nF\u00fcr gesch\u00e4ftliche und steuerliche Belange werden insbesondere get\u00e4tigte Eink\u00e4ufe gespeichert.\u00a0<\/span><\/p>\n<p><span style=\"font-family: verdana, geneva, sans-serif; font-size: 12pt;\">Im Rahmen der Datenschutz-Grundverordnung (DSGVO) der EU besteht die M\u00f6glichkeit, dass die Daten gel\u00f6scht lassen werden k\u00f6nnen. Dazu muss lediglich eine entsprechende Anfrage an Info@Trennungsplaner.ch mit dem Betreff &#8220;Konto und Daten l\u00f6schen&#8221; sowie Angabe Ihrer Identifikationsinformationen gesendet werden.<\/span><\/p>\n","protected":false},"excerpt":{"rendered":"<p>Allgemeine Gesch\u00e4ftsbedingungen \u00a0(AGB) von Trennungsplaner.ch Es ist ausschliesslich schweizerisches Recht anwendbar. Gerichtsstand ist Tafers im Kanton Freiburg. Die Benutzung Trennungsplaner.ch impliziert Ihre Zustimmung zu folgenden Allgemeinen Gesch\u00e4ftsbedingungen (AGB) und den darin enthaltenen Haftungsausschl\u00fcssen. Es wird keine Gew\u00e4hrleistung der von Trennungsplaner.ch publizierten Inhalte (Texte, Dokumentvorlagen, Links, etc.) bzgl. Aktualit\u00e4t, Korrektheit, Vollst\u00e4ndigkeit, etc. \u00fcbernommen. Es wird jegliche [&hellip;]<\/p>\n","protected":false},"author":1,"featured_media":0,"parent":0,"menu_order":0,"comment_status":"closed","ping_status":"closed","template":"","meta":{"footnotes":""},"yoast_head":"<!-- This site is optimized with the Yoast SEO plugin v22.1 - https:\/\/yoast.com\/wordpress\/plugins\/seo\/ -->\n<title>AGB &#183;<\/title>\n<meta name=\"robots\" content=\"noindex, nofollow\" \/>\n<meta property=\"og:locale\" content=\"de_DE\" \/>\n<meta property=\"og:type\" content=\"article\" \/>\n<meta property=\"og:title\" content=\"AGB &#183;\" \/>\n<meta property=\"og:description\" content=\"Allgemeine Gesch\u00e4ftsbedingungen \u00a0(AGB) von Trennungsplaner.ch Es ist ausschliesslich schweizerisches Recht anwendbar. Gerichtsstand ist Tafers im Kanton Freiburg. Die Benutzung Trennungsplaner.ch impliziert Ihre Zustimmung zu folgenden Allgemeinen Gesch\u00e4ftsbedingungen (AGB) und den darin enthaltenen Haftungsausschl\u00fcssen. Es wird keine Gew\u00e4hrleistung der von Trennungsplaner.ch publizierten Inhalte (Texte, Dokumentvorlagen, Links, etc.) bzgl. Aktualit\u00e4t, Korrektheit, Vollst\u00e4ndigkeit, etc. \u00fcbernommen. Es wird jegliche [&hellip;]\" \/>\n<meta property=\"og:url\" content=\"https:\/\/trennungsplaner.ch\/?page_id=41\" \/>\n<meta property=\"article:modified_time\" content=\"2020-03-22T09:37:52+00:00\" \/>\n<meta name=\"twitter:card\" content=\"summary_large_image\" \/>\n<meta name=\"twitter:label1\" content=\"Gesch\u00e4tzte Lesezeit\" \/>\n\t<meta name=\"twitter:data1\" content=\"2\u00a0Minuten\" \/>\n<script type=\"application\/ld+json\" class=\"yoast-schema-graph\">{\"@context\":\"https:\/\/schema.org\",\"@graph\":[{\"@type\":\"WebPage\",\"@id\":\"https:\/\/trennungsplaner.ch\/?page_id=41\",\"url\":\"https:\/\/trennungsplaner.ch\/?page_id=41\",\"name\":\"AGB &#183;\",\"isPartOf\":{\"@id\":\"https:\/\/trennungsplaner.ch\/#website\"},\"datePublished\":\"2020-03-01T20:49:21+00:00\",\"dateModified\":\"2020-03-22T09:37:52+00:00\",\"breadcrumb\":{\"@id\":\"https:\/\/trennungsplaner.ch\/?page_id=41#breadcrumb\"},\"inLanguage\":\"de\",\"potentialAction\":[{\"@type\":\"ReadAction\",\"target\":[\"https:\/\/trennungsplaner.ch\/?page_id=41\"]}]},{\"@type\":\"BreadcrumbList\",\"@id\":\"https:\/\/trennungsplaner.ch\/?page_id=41#breadcrumb\",\"itemListElement\":[{\"@type\":\"ListItem\",\"position\":1,\"name\":\"Home\",\"item\":\"https:\/\/trennungsplaner.ch\/\"},{\"@type\":\"ListItem\",\"position\":2,\"name\":\"AGB\"}]},{\"@type\":\"WebSite\",\"@id\":\"https:\/\/trennungsplaner.ch\/#website\",\"url\":\"https:\/\/trennungsplaner.ch\/\",\"name\":\"\",\"description\":\"Die Site rund um Trennung\",\"publisher\":{\"@id\":\"https:\/\/trennungsplaner.ch\/#organization\"},\"potentialAction\":[{\"@type\":\"SearchAction\",\"target\":{\"@type\":\"EntryPoint\",\"urlTemplate\":\"https:\/\/trennungsplaner.ch\/?s={search_term_string}\"},\"query-input\":\"required name=search_term_string\"}],\"inLanguage\":\"de\"},{\"@type\":\"Organization\",\"@id\":\"https:\/\/trennungsplaner.ch\/#organization\",\"name\":\"Trennungsplaner.ch\",\"url\":\"https:\/\/trennungsplaner.ch\/\",\"logo\":{\"@type\":\"ImageObject\",\"inLanguage\":\"de\",\"@id\":\"https:\/\/trennungsplaner.ch\/#\/schema\/logo\/image\/\",\"url\":\"https:\/\/trennungsplaner.ch\/wp-content\/uploads\/2020\/03\/Trennungsplaner.png\",\"contentUrl\":\"https:\/\/trennungsplaner.ch\/wp-content\/uploads\/2020\/03\/Trennungsplaner.png\",\"width\":803,\"height\":384,\"caption\":\"Trennungsplaner.ch\"},\"image\":{\"@id\":\"https:\/\/trennungsplaner.ch\/#\/schema\/logo\/image\/\"}}]}<\/script>\n<!-- \/ Yoast SEO plugin. -->","yoast_head_json":{"title":"AGB &#183;","robots":{"index":"noindex","follow":"nofollow"},"og_locale":"de_DE","og_type":"article","og_title":"AGB &#183;","og_description":"Allgemeine Gesch\u00e4ftsbedingungen \u00a0(AGB) von Trennungsplaner.ch Es ist ausschliesslich schweizerisches Recht anwendbar. Gerichtsstand ist Tafers im Kanton Freiburg. Die Benutzung Trennungsplaner.ch impliziert Ihre Zustimmung zu folgenden Allgemeinen Gesch\u00e4ftsbedingungen (AGB) und den darin enthaltenen Haftungsausschl\u00fcssen. Es wird keine Gew\u00e4hrleistung der von Trennungsplaner.ch publizierten Inhalte (Texte, Dokumentvorlagen, Links, etc.) bzgl. Aktualit\u00e4t, Korrektheit, Vollst\u00e4ndigkeit, etc. \u00fcbernommen. Es wird jegliche [&hellip;]","og_url":"https:\/\/trennungsplaner.ch\/?page_id=41","article_modified_time":"2020-03-22T09:37:52+00:00","twitter_card":"summary_large_image","twitter_misc":{"Gesch\u00e4tzte Lesezeit":"2\u00a0Minuten"},"schema":{"@context":"https:\/\/schema.org","@graph":[{"@type":"WebPage","@id":"https:\/\/trennungsplaner.ch\/?page_id=41","url":"https:\/\/trennungsplaner.ch\/?page_id=41","name":"AGB &#183;","isPartOf":{"@id":"https:\/\/trennungsplaner.ch\/#website"},"datePublished":"2020-03-01T20:49:21+00:00","dateModified":"2020-03-22T09:37:52+00:00","breadcrumb":{"@id":"https:\/\/trennungsplaner.ch\/?page_id=41#breadcrumb"},"inLanguage":"de","potentialAction":[{"@type":"ReadAction","target":["https:\/\/trennungsplaner.ch\/?page_id=41"]}]},{"@type":"BreadcrumbList","@id":"https:\/\/trennungsplaner.ch\/?page_id=41#breadcrumb","itemListElement":[{"@type":"ListItem","position":1,"name":"Home","item":"https:\/\/trennungsplaner.ch\/"},{"@type":"ListItem","position":2,"name":"AGB"}]},{"@type":"WebSite","@id":"https:\/\/trennungsplaner.ch\/#website","url":"https:\/\/trennungsplaner.ch\/","name":"","description":"Die Site rund um Trennung","publisher":{"@id":"https:\/\/trennungsplaner.ch\/#organization"},"potentialAction":[{"@type":"SearchAction","target":{"@type":"EntryPoint","urlTemplate":"https:\/\/trennungsplaner.ch\/?s={search_term_string}"},"query-input":"required name=search_term_string"}],"inLanguage":"de"},{"@type":"Organization","@id":"https:\/\/trennungsplaner.ch\/#organization","name":"Trennungsplaner.ch","url":"https:\/\/trennungsplaner.ch\/","logo":{"@type":"ImageObject","inLanguage":"de","@id":"https:\/\/trennungsplaner.ch\/#\/schema\/logo\/image\/","url":"https:\/\/trennungsplaner.ch\/wp-content\/uploads\/2020\/03\/Trennungsplaner.png","contentUrl":"https:\/\/trennungsplaner.ch\/wp-content\/uploads\/2020\/03\/Trennungsplaner.png","width":803,"height":384,"caption":"Trennungsplaner.ch"},"image":{"@id":"https:\/\/trennungsplaner.ch\/#\/schema\/logo\/image\/"}}]}},"_links":{"self":[{"href":"https:\/\/trennungsplaner.ch\/index.php?rest_route=\/wp\/v2\/pages\/41"}],"collection":[{"href":"https:\/\/trennungsplaner.ch\/index.php?rest_route=\/wp\/v2\/pages"}],"about":[{"href":"https:\/\/trennungsplaner.ch\/index.php?rest_route=\/wp\/v2\/types\/page"}],"author":[{"embeddable":true,"href":"https:\/\/trennungsplaner.ch\/index.php?rest_route=\/wp\/v2\/users\/1"}],"replies":[{"embeddable":true,"href":"https:\/\/trennungsplaner.ch\/index.php?rest_route=%2Fwp%2Fv2%2Fcomments&post=41"}],"version-history":[{"count":3,"href":"https:\/\/trennungsplaner.ch\/index.php?rest_route=\/wp\/v2\/pages\/41\/revisions"}],"predecessor-version":[{"id":121,"href":"https:\/\/trennungsplaner.ch\/index.php?rest_route=\/wp\/v2\/pages\/41\/revisions\/121"}],"wp:attachment":[{"href":"https:\/\/trennungsplaner.ch\/index.php?rest_route=%2Fwp%2Fv2%2Fmedia&parent=41"}],"curies":[{"name":"wp","href":"https:\/\/api.w.org\/{rel}","templated":true}]}}