{"id":2,"date":"2020-02-28T22:05:07","date_gmt":"2020-02-28T22:05:07","guid":{"rendered":"https:\/\/trennungsplaner.ch\/?page_id=2"},"modified":"2020-10-02T19:55:19","modified_gmt":"2020-10-02T19:55:19","slug":"sample-page","status":"publish","type":"page","link":"https:\/\/trennungsplaner.ch\/","title":{"rendered":"Trennungsplaner"},"content":{"rendered":"\r\n<p><span style=\"font-family: verdana, geneva, sans-serif;\"><div class=\"su-box su-box-style-soft\" id=\"\" style=\"border-color:#000000;border-radius:3px\"><div class=\"su-box-title\" style=\"background-color:#333333;color:#FFFFFF;border-top-left-radius:1px;border-top-right-radius:1px\">Der Trennungsplaner f\u00fcr die Schweiz<\/div><div class=\"su-box-content su-u-clearfix su-u-trim\" style=\"border-bottom-left-radius:1px;border-bottom-right-radius:1px\"><\/span><\/p>\r\n<p style=\"text-align: center;\"><span style=\"font-family: verdana, geneva, sans-serif;\"><span style=\"font-size: 24px;\">Eine Trennung zieht Konsequenzen nach sich!\u00a0<\/span><\/span><\/p>\r\n<p style=\"text-align: center;\"><span style=\"font-family: verdana, geneva, sans-serif;\"><span style=\"font-size: 24px;\"> Um Fehler zu vermeiden muss die Trennung gut \u00fcberlegt und geplant werden.<\/span><\/span><\/p>\r\n<p style=\"text-align: center;\"><span style=\"font-family: verdana, geneva, sans-serif;\"><span style=\"font-size: 24px;\">Der Trennungsplaner unterst\u00fctzt Sie bei allen Fragen rund um Ihre Trennung.<\/span><\/span><\/p>\r\n<p><span style=\"font-family: verdana, geneva, sans-serif;\"><\/div><\/div><\/span><\/p>\r\n<h3><span style=\"font-family: verdana, geneva, sans-serif;\">Trennungsplaner &#8211; darum geht&#8217;s<\/span><\/h3>\r\n<p><span style=\"font-family: verdana, geneva, sans-serif;\">Eine Trennung dient in der Regel dazu sich \u00fcber die Situation in der Partnerschaft ins Klare zu kommen. Beim Trennungsplaner finden Sie die wesentlichen Informationen zum Thema Trennung, Konsequenzen, M\u00f6glichkeiten, Vorgehen und vielem mehr.\u00a0<\/span><\/p>\r\n<p><span style=\"font-family: verdana, geneva, sans-serif;\">Eine Trennung ist eine einschneidende Entscheidung, umso mehr, wenn Kinder involviert sind. Es kommen Fragen auf wie, wer bleibt in der Wohnung, resp. im Haus, beim wem leben die Kinder, wie wird ein zweiter Haushalt finanziert, wie sieht die Rechtslage aus, bis hin zu Versicherungs- und Steuerfragen. <\/span><\/p>\r\n<p><span style=\"font-family: verdana, geneva, sans-serif;\">F\u00fchrt eine Trennung zur Scheidung &#8211; was nicht selten der Fall ist &#8211; ist es von Vorteil, wenn bereits bei der Trennung die Weichen richtig gestellt worden sind. Sehr wichtig ist auch, dass die Partner sich gemeinsam Gedanken \u00fcber die Zukunft machen und m\u00f6glichst einvernehmliche L\u00f6sungen unter Ber\u00fccksichtigung aller Beteiligten, insbesondere der Kinder finden.<\/span><\/p>\r\n<p><span style=\"font-family: verdana, geneva, sans-serif;\">Die wichtigsten Fragen drehen sich in der Regel um die Kinder sowie die Finanzen, resp. den Unterhalt. Der Trennungsplaner bietet Ihnen folgende Beratungsdienstleistungen an:<\/span><\/p>\r\n<ul>\r\n<li><span style=\"font-family: verdana, geneva, sans-serif;\">Beratung\u00a0<a href=\"https:\/\/trennungsplaner.ch\/?product=beratung-30-minuten\">30 Minuten<\/a>\u00a0oder\u00a0<a href=\"https:\/\/trennungsplaner.ch\/?product=beratung-1-stunde\">60 Minuten<\/a><\/span><\/li>\r\n<li><span style=\"font-family: verdana, geneva, sans-serif;\"><a href=\"https:\/\/trennungsplaner.ch\/?product=unterhaltsberechnung-alicalc\">Unterhaltsberechnung<\/a> mit <a href=\"https:\/\/AliCalc.ch\" target=\"_blank\" rel=\"noopener noreferrer\">AliCalc<\/a><\/span><\/li>\r\n<li><span style=\"font-family: verdana, geneva, sans-serif;\"><a href=\"https:\/\/trennungsplaner.ch\/?product=betreuungsunterhalt-fuer-kinder-unverheirateter-eltern\">Beratung und Berechnung Betreuungsunterhalt<\/a><\/span><\/li>\r\n<li><a href=\"https:\/\/trennungsplaner.ch\/?product=unterhaltsberechnung-bei-trennung\"><span style=\"font-family: verdana, geneva, sans-serif;\">Beratung und Berechnung Trennungsunterhalt<\/span><\/a><\/li>\r\n<\/ul>\r\n<p>Sind sich beide Ehepartner einig, dass die Ehe keine Chance mehr hat, kann auch direkt die Scheidung in die Wege geleitet werden. Mehr zur Scheidung finden Sie beim <a href=\"https:\/\/Scheidungsplaner.ch\">Scheidungsplaner<\/a>.<\/p>\r\n<p>Unabh\u00e4ngig von Trennung oder Scheidung ist die Unterhaltsberechnung ein zentrales Thema &#8211; mehr dazu sowie zum Betreuungsunterhalt finden Sie bei <a href=\"https:\/\/AliCalc.ch\">AliCalc<\/a>.<\/p>\r\n","protected":false},"excerpt":{"rendered":"<p>Trennungsplaner &#8211; darum geht&#8217;s Eine Trennung dient in der Regel dazu sich \u00fcber die Situation in der Partnerschaft ins Klare zu kommen. Beim Trennungsplaner finden Sie die wesentlichen Informationen zum Thema Trennung, Konsequenzen, M\u00f6glichkeiten, Vorgehen und vielem mehr.\u00a0 Eine Trennung ist eine einschneidende Entscheidung, umso mehr, wenn Kinder involviert sind. Es kommen Fragen auf wie, [&hellip;]<\/p>\n","protected":false},"author":1,"featured_media":0,"parent":0,"menu_order":0,"comment_status":"closed","ping_status":"closed","template":"","meta":{"footnotes":""},"yoast_head":"<!-- This site is optimized with the Yoast SEO plugin v22.1 - https:\/\/yoast.com\/wordpress\/plugins\/seo\/ -->\n<title>Trennungsplaner - eine Trennung will gut \u00fcberlegt und geplant sein<\/title>\n<meta name=\"description\" content=\"Der Trennungsplaner unterst\u00fctzt Sie bei allen Fragen rund um die Trennung, Konsequenzen, Ablauf, Unterhaltsberechnung und worauf es im Besonderen ankommt!\" \/>\n<meta name=\"robots\" content=\"index, follow, max-snippet:-1, max-image-preview:large, max-video-preview:-1\" \/>\n<link rel=\"canonical\" href=\"https:\/\/trennungsplaner.ch\/\" \/>\n<meta property=\"og:locale\" content=\"de_DE\" \/>\n<meta property=\"og:type\" content=\"article\" \/>\n<meta property=\"og:title\" content=\"Trennungsplaner - eine Trennung will gut \u00fcberlegt und geplant sein\" \/>\n<meta property=\"og:description\" content=\"Der Trennungsplaner unterst\u00fctzt Sie bei allen Fragen rund um die Trennung, Konsequenzen, Ablauf, Unterhaltsberechnung und worauf es im Besonderen ankommt!\" \/>\n<meta property=\"og:url\" content=\"https:\/\/trennungsplaner.ch\/\" \/>\n<meta property=\"article:modified_time\" content=\"2020-10-02T19:55:19+00:00\" \/>\n<meta name=\"twitter:card\" content=\"summary_large_image\" \/>\n<meta name=\"twitter:label1\" content=\"Gesch\u00e4tzte Lesezeit\" \/>\n\t<meta name=\"twitter:data1\" content=\"1\u00a0Minute\" \/>\n<script type=\"application\/ld+json\" class=\"yoast-schema-graph\">{\"@context\":\"https:\/\/schema.org\",\"@graph\":[{\"@type\":\"WebPage\",\"@id\":\"https:\/\/trennungsplaner.ch\/\",\"url\":\"https:\/\/trennungsplaner.ch\/\",\"name\":\"Trennungsplaner - eine Trennung will gut \u00fcberlegt und geplant sein\",\"isPartOf\":{\"@id\":\"https:\/\/trennungsplaner.ch\/#website\"},\"datePublished\":\"2020-02-28T22:05:07+00:00\",\"dateModified\":\"2020-10-02T19:55:19+00:00\",\"description\":\"Der Trennungsplaner unterst\u00fctzt Sie bei allen Fragen rund um die Trennung, Konsequenzen, Ablauf, Unterhaltsberechnung und worauf es im Besonderen ankommt!\",\"breadcrumb\":{\"@id\":\"https:\/\/trennungsplaner.ch\/#breadcrumb\"},\"inLanguage\":\"de\",\"potentialAction\":[{\"@type\":\"ReadAction\",\"target\":[\"https:\/\/trennungsplaner.ch\/\"]}]},{\"@type\":\"BreadcrumbList\",\"@id\":\"https:\/\/trennungsplaner.ch\/#breadcrumb\",\"itemListElement\":[{\"@type\":\"ListItem\",\"position\":1,\"name\":\"Home\",\"item\":\"https:\/\/trennungsplaner.ch\/\"},{\"@type\":\"ListItem\",\"position\":2,\"name\":\"Trennungsplaner\"}]},{\"@type\":\"WebSite\",\"@id\":\"https:\/\/trennungsplaner.ch\/#website\",\"url\":\"https:\/\/trennungsplaner.ch\/\",\"name\":\"\",\"description\":\"Die Site rund um Trennung\",\"publisher\":{\"@id\":\"https:\/\/trennungsplaner.ch\/#organization\"},\"potentialAction\":[{\"@type\":\"SearchAction\",\"target\":{\"@type\":\"EntryPoint\",\"urlTemplate\":\"https:\/\/trennungsplaner.ch\/?s={search_term_string}\"},\"query-input\":\"required name=search_term_string\"}],\"inLanguage\":\"de\"},{\"@type\":\"Organization\",\"@id\":\"https:\/\/trennungsplaner.ch\/#organization\",\"name\":\"Trennungsplaner.ch\",\"url\":\"https:\/\/trennungsplaner.ch\/\",\"logo\":{\"@type\":\"ImageObject\",\"inLanguage\":\"de\",\"@id\":\"https:\/\/trennungsplaner.ch\/#\/schema\/logo\/image\/\",\"url\":\"https:\/\/trennungsplaner.ch\/wp-content\/uploads\/2020\/03\/Trennungsplaner.png\",\"contentUrl\":\"https:\/\/trennungsplaner.ch\/wp-content\/uploads\/2020\/03\/Trennungsplaner.png\",\"width\":803,\"height\":384,\"caption\":\"Trennungsplaner.ch\"},\"image\":{\"@id\":\"https:\/\/trennungsplaner.ch\/#\/schema\/logo\/image\/\"}}]}<\/script>\n<!-- \/ Yoast SEO plugin. -->","yoast_head_json":{"title":"Trennungsplaner - eine Trennung will gut \u00fcberlegt und geplant sein","description":"Der Trennungsplaner unterst\u00fctzt Sie bei allen Fragen rund um die Trennung, Konsequenzen, Ablauf, Unterhaltsberechnung und worauf es im Besonderen ankommt!","robots":{"index":"index","follow":"follow","max-snippet":"max-snippet:-1","max-image-preview":"max-image-preview:large","max-video-preview":"max-video-preview:-1"},"canonical":"https:\/\/trennungsplaner.ch\/","og_locale":"de_DE","og_type":"article","og_title":"Trennungsplaner - eine Trennung will gut \u00fcberlegt und geplant sein","og_description":"Der Trennungsplaner unterst\u00fctzt Sie bei allen Fragen rund um die Trennung, Konsequenzen, Ablauf, Unterhaltsberechnung und worauf es im Besonderen ankommt!","og_url":"https:\/\/trennungsplaner.ch\/","article_modified_time":"2020-10-02T19:55:19+00:00","twitter_card":"summary_large_image","twitter_misc":{"Gesch\u00e4tzte Lesezeit":"1\u00a0Minute"},"schema":{"@context":"https:\/\/schema.org","@graph":[{"@type":"WebPage","@id":"https:\/\/trennungsplaner.ch\/","url":"https:\/\/trennungsplaner.ch\/","name":"Trennungsplaner - eine Trennung will gut \u00fcberlegt und geplant sein","isPartOf":{"@id":"https:\/\/trennungsplaner.ch\/#website"},"datePublished":"2020-02-28T22:05:07+00:00","dateModified":"2020-10-02T19:55:19+00:00","description":"Der Trennungsplaner unterst\u00fctzt Sie bei allen Fragen rund um die Trennung, Konsequenzen, Ablauf, Unterhaltsberechnung und worauf es im Besonderen ankommt!","breadcrumb":{"@id":"https:\/\/trennungsplaner.ch\/#breadcrumb"},"inLanguage":"de","potentialAction":[{"@type":"ReadAction","target":["https:\/\/trennungsplaner.ch\/"]}]},{"@type":"BreadcrumbList","@id":"https:\/\/trennungsplaner.ch\/#breadcrumb","itemListElement":[{"@type":"ListItem","position":1,"name":"Home","item":"https:\/\/trennungsplaner.ch\/"},{"@type":"ListItem","position":2,"name":"Trennungsplaner"}]},{"@type":"WebSite","@id":"https:\/\/trennungsplaner.ch\/#website","url":"https:\/\/trennungsplaner.ch\/","name":"","description":"Die Site rund um Trennung","publisher":{"@id":"https:\/\/trennungsplaner.ch\/#organization"},"potentialAction":[{"@type":"SearchAction","target":{"@type":"EntryPoint","urlTemplate":"https:\/\/trennungsplaner.ch\/?s={search_term_string}"},"query-input":"required name=search_term_string"}],"inLanguage":"de"},{"@type":"Organization","@id":"https:\/\/trennungsplaner.ch\/#organization","name":"Trennungsplaner.ch","url":"https:\/\/trennungsplaner.ch\/","logo":{"@type":"ImageObject","inLanguage":"de","@id":"https:\/\/trennungsplaner.ch\/#\/schema\/logo\/image\/","url":"https:\/\/trennungsplaner.ch\/wp-content\/uploads\/2020\/03\/Trennungsplaner.png","contentUrl":"https:\/\/trennungsplaner.ch\/wp-content\/uploads\/2020\/03\/Trennungsplaner.png","width":803,"height":384,"caption":"Trennungsplaner.ch"},"image":{"@id":"https:\/\/trennungsplaner.ch\/#\/schema\/logo\/image\/"}}]}},"_links":{"self":[{"href":"https:\/\/trennungsplaner.ch\/index.php?rest_route=\/wp\/v2\/pages\/2"}],"collection":[{"href":"https:\/\/trennungsplaner.ch\/index.php?rest_route=\/wp\/v2\/pages"}],"about":[{"href":"https:\/\/trennungsplaner.ch\/index.php?rest_route=\/wp\/v2\/types\/page"}],"author":[{"embeddable":true,"href":"https:\/\/trennungsplaner.ch\/index.php?rest_route=\/wp\/v2\/users\/1"}],"replies":[{"embeddable":true,"href":"https:\/\/trennungsplaner.ch\/index.php?rest_route=%2Fwp%2Fv2%2Fcomments&post=2"}],"version-history":[{"count":13,"href":"https:\/\/trennungsplaner.ch\/index.php?rest_route=\/wp\/v2\/pages\/2\/revisions"}],"predecessor-version":[{"id":157,"href":"https:\/\/trennungsplaner.ch\/index.php?rest_route=\/wp\/v2\/pages\/2\/revisions\/157"}],"wp:attachment":[{"href":"https:\/\/trennungsplaner.ch\/index.php?rest_route=%2Fwp%2Fv2%2Fmedia&parent=2"}],"curies":[{"name":"wp","href":"https:\/\/api.w.org\/{rel}","templated":true}]}}