{"id":127,"date":"2020-03-22T10:17:13","date_gmt":"2020-03-22T10:17:13","guid":{"rendered":"https:\/\/trennungsplaner.ch\/?page_id=127"},"modified":"2020-03-30T19:31:36","modified_gmt":"2020-03-30T19:31:36","slug":"datenschutz","status":"publish","type":"page","link":"https:\/\/trennungsplaner.ch\/?page_id=127","title":{"rendered":"Datenschutz"},"content":{"rendered":"<p><span style=\"font-family: verdana, geneva, sans-serif; font-size: 12pt;\">Gest\u00fctzt auf Artikel 13 der schweizerischen Bundesverfassung und den datenschutzrechtlichen Bestimmungen des Bundes (Datenschutzgesetz, DSG) hat jede Person Anspruch auf Schutz ihrer Privatsph\u00e4re sowie auf Schutz vor Missbrauch ihrer pers\u00f6nlichen Daten. Wir halten diese Bestimmungen ein. Pers\u00f6nliche Daten werden streng vertraulich behandelt und weder an Dritte verkauft noch weitergegeben.<\/span><\/p>\n<p><span style=\"font-family: verdana, geneva, sans-serif; font-size: 12pt;\">In enger Zusammenarbeit mit unserem Hosting- und Payment-Provider bem\u00fchen wir uns, die Datenbanken so gut wie m\u00f6glich vor fremden Zugriffen, Verlusten, Missbrauch oder vor F\u00e4lschung zu sch\u00fctzen. Die Daten\u00fcbertragung erfolgt \u00fcber eine gesicherte Verbindung (TLS).<\/span><\/p>\n<p><span style=\"font-family: verdana, geneva, sans-serif; font-size: 12pt;\">Beim Zugriff auf Trennungsplaner.ch werden folgende Daten in Logfiles gespeichert: IP-Adresse, Datum, Uhrzeit, Browser-Anfrage und allg. \u00fcbertragene Informationen zum Betriebssystem resp. Browser. Diese Nutzungsdaten bilden die Basis f\u00fcr statistische, anonyme Auswertungen, so dass Trends erkennbar sind, anhand derer wir unsere Angebote entsprechend verbessern k\u00f6nnen.<br \/>\nF\u00fcr gesch\u00e4ftliche und steuerliche Belange werden insbesondere get\u00e4tigte Eink\u00e4ufe gespeichert.\u00a0<\/span><\/p>\n<p><span style=\"font-family: verdana, geneva, sans-serif; font-size: 12pt;\">Im Rahmen der Datenschutz-Grundverordnung (DSGVO) der EU besteht die M\u00f6glichkeit, dass die Daten gel\u00f6scht lassen werden k\u00f6nnen. Dazu muss lediglich eine entsprechende Anfrage an Info@Trennungsplaner.ch mit dem Betreff &#8220;Konto und Daten l\u00f6schen&#8221; sowie Angabe Ihrer Identifikationsinformationen gesendet werden.<\/span><\/p>\n","protected":false},"excerpt":{"rendered":"<p>Gest\u00fctzt auf Artikel 13 der schweizerischen Bundesverfassung und den datenschutzrechtlichen Bestimmungen des Bundes (Datenschutzgesetz, DSG) hat jede Person Anspruch auf Schutz ihrer Privatsph\u00e4re sowie auf Schutz vor Missbrauch ihrer pers\u00f6nlichen Daten. Wir halten diese Bestimmungen ein. Pers\u00f6nliche Daten werden streng vertraulich behandelt und weder an Dritte verkauft noch weitergegeben. In enger Zusammenarbeit mit unserem Hosting- [&hellip;]<\/p>\n","protected":false},"author":1,"featured_media":0,"parent":0,"menu_order":0,"comment_status":"closed","ping_status":"closed","template":"","meta":{"footnotes":""},"yoast_head":"<!-- This site is optimized with the Yoast SEO plugin v22.1 - https:\/\/yoast.com\/wordpress\/plugins\/seo\/ -->\n<title>Datenschutz &#183;<\/title>\n<meta name=\"robots\" content=\"noindex, nofollow\" \/>\n<meta property=\"og:locale\" content=\"de_DE\" \/>\n<meta property=\"og:type\" content=\"article\" \/>\n<meta property=\"og:title\" content=\"Datenschutz &#183;\" \/>\n<meta property=\"og:description\" content=\"Gest\u00fctzt auf Artikel 13 der schweizerischen Bundesverfassung und den datenschutzrechtlichen Bestimmungen des Bundes (Datenschutzgesetz, DSG) hat jede Person Anspruch auf Schutz ihrer Privatsph\u00e4re sowie auf Schutz vor Missbrauch ihrer pers\u00f6nlichen Daten. Wir halten diese Bestimmungen ein. Pers\u00f6nliche Daten werden streng vertraulich behandelt und weder an Dritte verkauft noch weitergegeben. In enger Zusammenarbeit mit unserem Hosting- [&hellip;]\" \/>\n<meta property=\"og:url\" content=\"https:\/\/trennungsplaner.ch\/?page_id=127\" \/>\n<meta property=\"article:modified_time\" content=\"2020-03-30T19:31:36+00:00\" \/>\n<meta name=\"twitter:card\" content=\"summary_large_image\" \/>\n<meta name=\"twitter:label1\" content=\"Gesch\u00e4tzte Lesezeit\" \/>\n\t<meta name=\"twitter:data1\" content=\"1\u00a0Minute\" \/>\n<script type=\"application\/ld+json\" class=\"yoast-schema-graph\">{\"@context\":\"https:\/\/schema.org\",\"@graph\":[{\"@type\":\"WebPage\",\"@id\":\"https:\/\/trennungsplaner.ch\/?page_id=127\",\"url\":\"https:\/\/trennungsplaner.ch\/?page_id=127\",\"name\":\"Datenschutz &#183;\",\"isPartOf\":{\"@id\":\"https:\/\/trennungsplaner.ch\/#website\"},\"datePublished\":\"2020-03-22T10:17:13+00:00\",\"dateModified\":\"2020-03-30T19:31:36+00:00\",\"breadcrumb\":{\"@id\":\"https:\/\/trennungsplaner.ch\/?page_id=127#breadcrumb\"},\"inLanguage\":\"de\",\"potentialAction\":[{\"@type\":\"ReadAction\",\"target\":[\"https:\/\/trennungsplaner.ch\/?page_id=127\"]}]},{\"@type\":\"BreadcrumbList\",\"@id\":\"https:\/\/trennungsplaner.ch\/?page_id=127#breadcrumb\",\"itemListElement\":[{\"@type\":\"ListItem\",\"position\":1,\"name\":\"Home\",\"item\":\"https:\/\/trennungsplaner.ch\/\"},{\"@type\":\"ListItem\",\"position\":2,\"name\":\"Datenschutz\"}]},{\"@type\":\"WebSite\",\"@id\":\"https:\/\/trennungsplaner.ch\/#website\",\"url\":\"https:\/\/trennungsplaner.ch\/\",\"name\":\"\",\"description\":\"Die Site rund um Trennung\",\"publisher\":{\"@id\":\"https:\/\/trennungsplaner.ch\/#organization\"},\"potentialAction\":[{\"@type\":\"SearchAction\",\"target\":{\"@type\":\"EntryPoint\",\"urlTemplate\":\"https:\/\/trennungsplaner.ch\/?s={search_term_string}\"},\"query-input\":\"required name=search_term_string\"}],\"inLanguage\":\"de\"},{\"@type\":\"Organization\",\"@id\":\"https:\/\/trennungsplaner.ch\/#organization\",\"name\":\"Trennungsplaner.ch\",\"url\":\"https:\/\/trennungsplaner.ch\/\",\"logo\":{\"@type\":\"ImageObject\",\"inLanguage\":\"de\",\"@id\":\"https:\/\/trennungsplaner.ch\/#\/schema\/logo\/image\/\",\"url\":\"https:\/\/trennungsplaner.ch\/wp-content\/uploads\/2020\/03\/Trennungsplaner.png\",\"contentUrl\":\"https:\/\/trennungsplaner.ch\/wp-content\/uploads\/2020\/03\/Trennungsplaner.png\",\"width\":803,\"height\":384,\"caption\":\"Trennungsplaner.ch\"},\"image\":{\"@id\":\"https:\/\/trennungsplaner.ch\/#\/schema\/logo\/image\/\"}}]}<\/script>\n<!-- \/ Yoast SEO plugin. -->","yoast_head_json":{"title":"Datenschutz &#183;","robots":{"index":"noindex","follow":"nofollow"},"og_locale":"de_DE","og_type":"article","og_title":"Datenschutz &#183;","og_description":"Gest\u00fctzt auf Artikel 13 der schweizerischen Bundesverfassung und den datenschutzrechtlichen Bestimmungen des Bundes (Datenschutzgesetz, DSG) hat jede Person Anspruch auf Schutz ihrer Privatsph\u00e4re sowie auf Schutz vor Missbrauch ihrer pers\u00f6nlichen Daten. Wir halten diese Bestimmungen ein. Pers\u00f6nliche Daten werden streng vertraulich behandelt und weder an Dritte verkauft noch weitergegeben. In enger Zusammenarbeit mit unserem Hosting- [&hellip;]","og_url":"https:\/\/trennungsplaner.ch\/?page_id=127","article_modified_time":"2020-03-30T19:31:36+00:00","twitter_card":"summary_large_image","twitter_misc":{"Gesch\u00e4tzte Lesezeit":"1\u00a0Minute"},"schema":{"@context":"https:\/\/schema.org","@graph":[{"@type":"WebPage","@id":"https:\/\/trennungsplaner.ch\/?page_id=127","url":"https:\/\/trennungsplaner.ch\/?page_id=127","name":"Datenschutz &#183;","isPartOf":{"@id":"https:\/\/trennungsplaner.ch\/#website"},"datePublished":"2020-03-22T10:17:13+00:00","dateModified":"2020-03-30T19:31:36+00:00","breadcrumb":{"@id":"https:\/\/trennungsplaner.ch\/?page_id=127#breadcrumb"},"inLanguage":"de","potentialAction":[{"@type":"ReadAction","target":["https:\/\/trennungsplaner.ch\/?page_id=127"]}]},{"@type":"BreadcrumbList","@id":"https:\/\/trennungsplaner.ch\/?page_id=127#breadcrumb","itemListElement":[{"@type":"ListItem","position":1,"name":"Home","item":"https:\/\/trennungsplaner.ch\/"},{"@type":"ListItem","position":2,"name":"Datenschutz"}]},{"@type":"WebSite","@id":"https:\/\/trennungsplaner.ch\/#website","url":"https:\/\/trennungsplaner.ch\/","name":"","description":"Die Site rund um Trennung","publisher":{"@id":"https:\/\/trennungsplaner.ch\/#organization"},"potentialAction":[{"@type":"SearchAction","target":{"@type":"EntryPoint","urlTemplate":"https:\/\/trennungsplaner.ch\/?s={search_term_string}"},"query-input":"required name=search_term_string"}],"inLanguage":"de"},{"@type":"Organization","@id":"https:\/\/trennungsplaner.ch\/#organization","name":"Trennungsplaner.ch","url":"https:\/\/trennungsplaner.ch\/","logo":{"@type":"ImageObject","inLanguage":"de","@id":"https:\/\/trennungsplaner.ch\/#\/schema\/logo\/image\/","url":"https:\/\/trennungsplaner.ch\/wp-content\/uploads\/2020\/03\/Trennungsplaner.png","contentUrl":"https:\/\/trennungsplaner.ch\/wp-content\/uploads\/2020\/03\/Trennungsplaner.png","width":803,"height":384,"caption":"Trennungsplaner.ch"},"image":{"@id":"https:\/\/trennungsplaner.ch\/#\/schema\/logo\/image\/"}}]}},"_links":{"self":[{"href":"https:\/\/trennungsplaner.ch\/index.php?rest_route=\/wp\/v2\/pages\/127"}],"collection":[{"href":"https:\/\/trennungsplaner.ch\/index.php?rest_route=\/wp\/v2\/pages"}],"about":[{"href":"https:\/\/trennungsplaner.ch\/index.php?rest_route=\/wp\/v2\/types\/page"}],"author":[{"embeddable":true,"href":"https:\/\/trennungsplaner.ch\/index.php?rest_route=\/wp\/v2\/users\/1"}],"replies":[{"embeddable":true,"href":"https:\/\/trennungsplaner.ch\/index.php?rest_route=%2Fwp%2Fv2%2Fcomments&post=127"}],"version-history":[{"count":2,"href":"https:\/\/trennungsplaner.ch\/index.php?rest_route=\/wp\/v2\/pages\/127\/revisions"}],"predecessor-version":[{"id":129,"href":"https:\/\/trennungsplaner.ch\/index.php?rest_route=\/wp\/v2\/pages\/127\/revisions\/129"}],"wp:attachment":[{"href":"https:\/\/trennungsplaner.ch\/index.php?rest_route=%2Fwp%2Fv2%2Fmedia&parent=127"}],"curies":[{"name":"wp","href":"https:\/\/api.w.org\/{rel}","templated":true}]}}